{"id":1466,"date":"2020-09-12T18:35:59","date_gmt":"2020-09-12T16:35:59","guid":{"rendered":"https:\/\/anticofornovenezia.it\/cookies\/"},"modified":"2022-04-19T11:35:21","modified_gmt":"2022-04-19T09:35:21","slug":"cookies","status":"publish","type":"page","link":"https:\/\/anticofornovenezia.it\/es\/cookies\/","title":{"rendered":"Cookies"},"content":{"rendered":"\t\t<div data-elementor-type=\"wp-page\" data-elementor-id=\"1466\" class=\"elementor elementor-1466 elementor-10\" data-elementor-post-type=\"page\">\n\t\t\t\t\t\t<section class=\"elementor-section elementor-top-section elementor-element elementor-element-60519b4 elementor-section-full_width elementor-reverse-mobile elementor-section-height-default elementor-section-height-default\" data-id=\"60519b4\" data-element_type=\"section\" data-e-type=\"section\" data-settings=\"{&quot;background_background&quot;:&quot;classic&quot;}\">\n\t\t\t\t\t\t<div class=\"elementor-container elementor-column-gap-default\">\n\t\t\t\t\t<div class=\"elementor-column elementor-col-100 elementor-top-column elementor-element elementor-element-fef3902\" data-id=\"fef3902\" data-element_type=\"column\" data-e-type=\"column\">\n\t\t\t<div class=\"elementor-widget-wrap elementor-element-populated\">\n\t\t\t\t\t\t<div class=\"elementor-element elementor-element-f5b99d1 elementor-invisible elementor-widget elementor-widget-heading\" data-id=\"f5b99d1\" data-element_type=\"widget\" data-e-type=\"widget\" data-settings=\"{&quot;_animation&quot;:&quot;fadeInUp&quot;}\" data-widget_type=\"heading.default\">\n\t\t\t\t<div class=\"elementor-widget-container\">\n\t\t\t\t\t<h1 class=\"elementor-heading-title elementor-size-default\">Cookies<\/h1>\t\t\t\t<\/div>\n\t\t\t\t<\/div>\n\t\t\t\t<div class=\"elementor-element elementor-element-efb9bd8 elementor-invisible elementor-widget elementor-widget-text-editor\" data-id=\"efb9bd8\" data-element_type=\"widget\" data-e-type=\"widget\" data-settings=\"{&quot;_animation&quot;:&quot;fadeInUp&quot;}\" data-widget_type=\"text-editor.default\">\n\t\t\t\t<div class=\"elementor-widget-container\">\n\t\t\t\t\t\t\t\t\t<p>Antico Forno Pizzeria<\/p>\t\t\t\t\t\t\t\t<\/div>\n\t\t\t\t<\/div>\n\t\t\t\t\t<\/div>\n\t\t<\/div>\n\t\t\t\t\t<\/div>\n\t\t<\/section>\n\t\t\t\t<section class=\"elementor-section elementor-top-section elementor-element elementor-element-a960971 elementor-section-boxed elementor-section-height-default elementor-section-height-default\" data-id=\"a960971\" data-element_type=\"section\" data-e-type=\"section\">\n\t\t\t\t\t\t<div class=\"elementor-container elementor-column-gap-default\">\n\t\t\t\t\t<div class=\"elementor-column elementor-col-100 elementor-top-column elementor-element elementor-element-3ee1ca6\" data-id=\"3ee1ca6\" data-element_type=\"column\" data-e-type=\"column\">\n\t\t\t<div class=\"elementor-widget-wrap elementor-element-populated\">\n\t\t\t\t\t\t<div class=\"elementor-element elementor-element-8b34f3e elementor-widget elementor-widget-text-editor\" data-id=\"8b34f3e\" data-element_type=\"widget\" data-e-type=\"widget\" data-widget_type=\"text-editor.default\">\n\t\t\t\t<div class=\"elementor-widget-container\">\n\t\t\t\t\t\t\t\t\t<p> <strong> <span style = \"color: # 000000;\"> Informaci\u00f3n sobre cookies <\/span> <\/strong> <\/p> <p> <span style = \"color: # 000000;\"> Esta informaci\u00f3n explica en detalle c\u00f3mo este sitio utiliza cookies, as\u00ed como archivos y tecnolog\u00edas similares a cookies en sus sitios web, por ejemplo, objetos locales compartidos, tambi\u00e9n conocidos como \u00abcookies flash\u00bb, balizas web, etc. Nos referiremos a estos en general como \u00abcookies\u00bb. Si visita nuestro sitio web y la configuraci\u00f3n de su navegador acepta cookies, se considerar\u00e1 aceptado el uso de nuestras cookies.<\/span> <\/p> <p> <span style=\"color:# 000000;\"> Las cookies son peque\u00f1os archivos enviado y almacenado en su computadora por los sitios web que visita. Las cookies se almacenan en el directorio de archivos de su navegador. La pr\u00f3xima vez que visite el sitio, su navegador leer\u00e1 la cookie y retransmitir\u00e1 la informaci\u00f3n al sitio web o a la entidad que originalmente cre\u00f3 la cookie. Para obtener m\u00e1s informaci\u00f3n sobre estas tecnolog\u00edas y c\u00f3mo funcionan, visite, por ejemplo, el sitio web allaboutcookies.org.<\/span> <\/p> <p> <span style = \"color: # 000000;\"> Las cookies de sesi\u00f3n utilizadas en este sitio evitan el uso de otras t\u00e9cnicas inform\u00e1ticas que son potencialmente perjudiciales para la privacidad de la navegaci\u00f3n de los usuarios y no permiten la adquisici\u00f3n de datos de identificaci\u00f3n personal del usuario.<\/span> <\/p> <p> <span style = \" color : # 000000; \"> Los tiempos de retenci\u00f3n de los datos adquiridos dependen de los tipos de cookies. Las cookies de sesi\u00f3n caducan cuando se cierra el navegador. Cookies persistentes, incluidos los objetos locales compartidos <\/span> <span style = \"color: # 000000;\"> \ufd3e<\/ span> <span style = \"color: # 000000;\"> \u00abFlash cookies\u00bb <\/ span > <span style = \"color: # 000000;\">\ufd3f <\/ span> <span style = \"color: # 000000;\">, tienen fechas de caducidad t\u00edpicas que van desde dos meses hasta un par de a\u00f1os. <\/ span> <\/p > <p> <strong> <span style = \"color: # 000000;\"> C\u00f3mo deshabilitar las cookies (opt-out) <\/span> <\/strong> <\/p> <p> <span style = \"color: # 000000;\"> La mayor\u00eda de los navegadores de Internet est\u00e1n configurados inicialmente para aceptar cookies autom\u00e1ticamente. Esto significa que tiene la opci\u00f3n, en cualquier momento, de configurar su navegador para aceptar todas las cookies, solo algunas, o para rechazarlas, deshabilitando su uso por parte de los sitios. Adem\u00e1s, normalmente puede configurar las preferencias de su navegador para recibir una notificaci\u00f3n cada vez que se almacena una cookie en su computadora. Finalmente, al final de cada sesi\u00f3n de navegaci\u00f3n, puede eliminar las cookies recopiladas del disco duro de su dispositivo. Si desea eliminar las cookies instaladas en la carpeta de cookies del navegador utilizado, recuerde que cada navegador tiene diferentes procedimientos para gestionar la configuraci\u00f3n.<\/span> <\/p> <p> <span style=\"color:#000000;\" > Puede encontrar informaci\u00f3n sobre c\u00f3mo administrar las cookies en su navegador en las siguientes direcciones: <\/span> <\/p> <p> <u> <span style=\"color:# 000000;\"> Google Chrome <\/span> <\/ u> <span estilo = \"color: # 000000;\"> (<\/span> <span estilo = \"color: # 0000e9;\"> https:\/\/support.google.com\/chrome\/answer\/95647?co =GENIE .Platform% 3DDesktop &#038; hl = it <\/span>) <a href=\"https:\/\/support.mozilla.org\/it\/kb\/Gestione%20dei%20cookie\"> <span style = \"color: # 0000e9;\" > <br \/> Mozilla <\/span> <\/a> <a href=\"https:\/\/support.apple.com\/kb\/ph19214?locale=it_IT\"> <span style = \"color: # 0000e9;\"> Firefox (https:\/\/support.mozilla.org\/it\/kb\/Gestione%20dei%20cookie) <br \/> Apple Safari (https:\/\/support.apple.com\/kb\/ph19214?locale=it_IT )<\/span> <\/a> <a href=\"https:\/\/support.apple.com\/it-it\/HT201265\"> <span style = \"color: # 0000e9;\"> <b r \/> Apple <\/span> <\/a> <a href=\"https:\/\/support.apple.com\/en-gb\/HT201265\"> <span style=\"color: # 0000e9;\"> Safari para dispositivos < \/ span> <\/a> <a href=\"https:\/\/privacy.microsoft.com\/it-IT\/windows-10-microsoft-edge-and-privacy\"> <span style = \"color: # 0000e9;\" > m\u00f3vil (https:\/\/support.apple.com\/it-it\/HT201265) <br \/> Microsoft Windows Explorer (https:\/\/support.microsoft.com\/it-it\/help\/17442\/windows-internet-explorer -eliminar-administrar-cookies) <br \/> Microsoft Windows Edge (https:\/\/privacy.microsoft.com\/it-IT\/windows-10-microsoft-edge-and-privacy) <\/span> <\/a> < \/p> <p> <span style=\"color:#000000;\"> Tambi\u00e9n para no recibir cookies de Google Analytics puede visitar la p\u00e1gina:<\/span> <br\/> <span style=\"color:#0000e9;\" > https:\/\/tools.google.com\/dlpage\/gaoptout\/ <\/span> <br \/> <u> <span style =\" color: # 0000e9; text-decoration: none; \"> <\/span> <\/u> Alternativamente, es posible deshabilitar solo las cookies de Google Analytics, utilizando el complemento de inhabilitaci\u00f3n provisto por Google para los principales navegadores. Las cookies en general visitan la p\u00e1gina www.allaboutcookies.org o <br \/> <a href=\"http:\/\/www.garanteprivacy\/cookie\"> <span style=\"color:#0000e9;\"> www.garanteprivacy\/cookie<\/span> <\/a > <\/p> <p> <strong> <span style = \"color: # 000000;\"> Cookies t\u00e9cnicas que no requieren consentimiento <\/span> <\/strong> <\/p> <p> <span style = \" color: # 000000;\"> Las denominadas cookies \u00abt\u00e9cnicas\u00bb, para las que no se requiere consentimiento para su tratamiento, han de considerarse las siguientes\t\t\t\t\t\t\t\t<\/div>\n\t\t\t\t<\/div>\n\t\t\t\t\t<\/div>\n\t\t<\/div>\n\t\t\t\t\t<\/div>\n\t\t<\/section>\n\t\t\t\t<\/div>\n\t\t","protected":false},"excerpt":{"rendered":"<p>Cookies Antico Forno Pizzeria Informaci\u00f3n sobre cookies Esta informaci\u00f3n explica en detalle c\u00f3mo este sitio utiliza cookies, as\u00ed como archivos y tecnolog\u00edas similares a cookies en sus sitios web, por ejemplo, objetos locales compartidos, tambi\u00e9n conocidos como \u00abcookies flash\u00bb, balizas web, etc. Nos referiremos a estos en general como \u00abcookies\u00bb. Si visita nuestro sitio web [&hellip;]<\/p>\n","protected":false},"author":1,"featured_media":0,"parent":0,"menu_order":100,"comment_status":"closed","ping_status":"closed","template":"","meta":{"_acf_changed":false,"footnotes":""},"class_list":["post-1466","page","type-page","status-publish","hentry"],"acf":[],"_links":{"self":[{"href":"https:\/\/anticofornovenezia.it\/es\/wp-json\/wp\/v2\/pages\/1466","targetHints":{"allow":["GET"]}}],"collection":[{"href":"https:\/\/anticofornovenezia.it\/es\/wp-json\/wp\/v2\/pages"}],"about":[{"href":"https:\/\/anticofornovenezia.it\/es\/wp-json\/wp\/v2\/types\/page"}],"author":[{"embeddable":true,"href":"https:\/\/anticofornovenezia.it\/es\/wp-json\/wp\/v2\/users\/1"}],"replies":[{"embeddable":true,"href":"https:\/\/anticofornovenezia.it\/es\/wp-json\/wp\/v2\/comments?post=1466"}],"version-history":[{"count":2,"href":"https:\/\/anticofornovenezia.it\/es\/wp-json\/wp\/v2\/pages\/1466\/revisions"}],"predecessor-version":[{"id":1469,"href":"https:\/\/anticofornovenezia.it\/es\/wp-json\/wp\/v2\/pages\/1466\/revisions\/1469"}],"wp:attachment":[{"href":"https:\/\/anticofornovenezia.it\/es\/wp-json\/wp\/v2\/media?parent=1466"}],"curies":[{"name":"wp","href":"https:\/\/api.w.org\/{rel}","templated":true}]}}