{"id":1812,"date":"2020-09-12T18:35:59","date_gmt":"2020-09-12T16:35:59","guid":{"rendered":"https:\/\/anticofornovenezia.it\/cookies\/"},"modified":"2022-07-25T13:20:17","modified_gmt":"2022-07-25T11:20:17","slug":"cookies","status":"publish","type":"page","link":"https:\/\/anticofornovenezia.it\/fr\/cookies\/","title":{"rendered":"Cookies"},"content":{"rendered":"\t\t<div data-elementor-type=\"wp-page\" data-elementor-id=\"1812\" class=\"elementor elementor-1812 elementor-10\" data-elementor-post-type=\"page\">\n\t\t\t\t\t\t<section class=\"elementor-section elementor-top-section elementor-element elementor-element-60519b4 elementor-section-full_width elementor-reverse-mobile elementor-section-height-default elementor-section-height-default\" data-id=\"60519b4\" data-element_type=\"section\" data-e-type=\"section\" data-settings=\"{&quot;background_background&quot;:&quot;classic&quot;}\">\n\t\t\t\t\t\t<div class=\"elementor-container elementor-column-gap-default\">\n\t\t\t\t\t<div class=\"elementor-column elementor-col-100 elementor-top-column elementor-element elementor-element-fef3902\" data-id=\"fef3902\" data-element_type=\"column\" data-e-type=\"column\">\n\t\t\t<div class=\"elementor-widget-wrap elementor-element-populated\">\n\t\t\t\t\t\t<div class=\"elementor-element elementor-element-f5b99d1 elementor-invisible elementor-widget elementor-widget-heading\" data-id=\"f5b99d1\" data-element_type=\"widget\" data-e-type=\"widget\" data-settings=\"{&quot;_animation&quot;:&quot;fadeInUp&quot;}\" data-widget_type=\"heading.default\">\n\t\t\t\t<div class=\"elementor-widget-container\">\n\t\t\t\t\t<h1 class=\"elementor-heading-title elementor-size-default\">Cookies<\/h1>\t\t\t\t<\/div>\n\t\t\t\t<\/div>\n\t\t\t\t<div class=\"elementor-element elementor-element-efb9bd8 elementor-invisible elementor-widget elementor-widget-text-editor\" data-id=\"efb9bd8\" data-element_type=\"widget\" data-e-type=\"widget\" data-settings=\"{&quot;_animation&quot;:&quot;fadeInUp&quot;}\" data-widget_type=\"text-editor.default\">\n\t\t\t\t<div class=\"elementor-widget-container\">\n\t\t\t\t\t\t\t\t\t<p>Antico Forno Pizzeria<\/p>\t\t\t\t\t\t\t\t<\/div>\n\t\t\t\t<\/div>\n\t\t\t\t\t<\/div>\n\t\t<\/div>\n\t\t\t\t\t<\/div>\n\t\t<\/section>\n\t\t\t\t<section class=\"elementor-section elementor-top-section elementor-element elementor-element-a960971 elementor-section-boxed elementor-section-height-default elementor-section-height-default\" data-id=\"a960971\" data-element_type=\"section\" data-e-type=\"section\">\n\t\t\t\t\t\t<div class=\"elementor-container elementor-column-gap-default\">\n\t\t\t\t\t<div class=\"elementor-column elementor-col-100 elementor-top-column elementor-element elementor-element-3ee1ca6\" data-id=\"3ee1ca6\" data-element_type=\"column\" data-e-type=\"column\">\n\t\t\t<div class=\"elementor-widget-wrap elementor-element-populated\">\n\t\t\t\t\t\t<div class=\"elementor-element elementor-element-8b34f3e elementor-widget elementor-widget-text-editor\" data-id=\"8b34f3e\" data-element_type=\"widget\" data-e-type=\"widget\" data-widget_type=\"text-editor.default\">\n\t\t\t\t<div class=\"elementor-widget-container\">\n\t\t\t\t\t\t\t\t\t<p> <strong> <span style = \"color: # 000000;\"> Informations sur les cookies <\/span> <\/strong> <\/p> <p> <span style = \"color: # 000000;\"> Ces informations explique en d\u00e9tail comment ce site utilise les cookies ainsi que les fichiers et technologies de type cookie sur ses sites Web, par exemple les objets locaux partag\u00e9s, \u00e9galement appel\u00e9s \u00ab\u00a0cookies Flash\u00a0\u00bb, les balises Web, etc. Nous les appellerons g\u00e9n\u00e9ralement \u00ab\u00a0cookies\u00a0\u00bb. Si vous visitez notre site Web et que les param\u00e8tres de votre navigateur acceptent les cookies, l&rsquo;utilisation de nos cookies sera consid\u00e9r\u00e9e comme accept\u00e9e. <\/span> <\/p> <p> <span style = \"color: # 000000;\"> I les cookies sont de petits fichiers envoy\u00e9s et stock\u00e9s sur votre ordinateur par les sites Web que vous visitez. Les cookies sont stock\u00e9s dans le r\u00e9pertoire de fichiers de votre navigateur. La prochaine fois que vous visiterez le site, votre navigateur lira le cookie et retransmettra les informations au site Web ou \u00e0 l&rsquo;entit\u00e9 qui a initialement cr\u00e9\u00e9 le cookie. Pour en savoir plus sur ces technologies et leur fonctionnement, visitez par exemple le site allaboutcookies.org. <\/span> <\/p> <p> <span style = \"color: # 000000;\"> Les cookies de session utilis\u00e9s sur ce \u00e9vitent l&rsquo;utilisation d&rsquo;autres techniques informatiques potentiellement pr\u00e9judiciables \u00e0 la confidentialit\u00e9 de la navigation des utilisateurs et ne permettent pas l&rsquo;acquisition de donn\u00e9es personnelles d&rsquo;identification de l&rsquo;utilisateur. <\/span> <\/p> <p> <span style = \" color : # 000000; \"> Les dur\u00e9es de conservation des donn\u00e9es acquises d\u00e9pendent des types de cookies. Les cookies de session expirent lorsque le navigateur est ferm\u00e9. Cookies persistants, y compris les objets locaux partag\u00e9s <\/span> <span style = \"color: # 000000;\"> \ufd3e<\/ span> <span style = \"color: # 000000;\"> \u00ab\u00a0Flash cookies\u00a0\u00bb <\/ span> <span style = \"color: # 000000;\">\ufd3f <\/ span> <span style = \"color: # 000000;\">, ont des dates d&rsquo;expiration typiques allant de deux mois \u00e0 quelques ann\u00e9es. <\/ span> <\/p> <p> <strong> <span style = \"color: # 000000;\"> Comment d\u00e9sactiver les cookies (opt-out) <\/span> <\/strong> <\/p> <p> <span style = \"color: # 000000;\"> La plupart des navigateurs Internet sont initialement configur\u00e9s pour accepter automatiquement les cookies. Cela signifie que vous avez la possibilit\u00e9, \u00e0 tout moment, de configurer votre navigateur pour qu&rsquo;il accepte tous les cookies, certains seulement, ou qu&rsquo;il les refuse, en d\u00e9sactivant leur utilisation par les sites. En outre, vous pouvez normalement param\u00e9trer les pr\u00e9f\u00e9rences de votre navigateur de mani\u00e8re \u00e0 \u00eatre averti chaque fois qu&rsquo;un cookie est enregistr\u00e9 sur votre ordinateur. Enfin, \u00e0 la fin de chaque session de navigation, vous pouvez supprimer les cookies collect\u00e9s sur le disque dur de votre terminal. Si vous souhaitez supprimer les cookies install\u00e9s dans le dossier des cookies du navigateur utilis\u00e9, rappelez-vous que chaque navigateur a des proc\u00e9dures diff\u00e9rentes pour g\u00e9rer les param\u00e8tres. <\/span> <\/p> <p> <span style = \"color: # 000000;\" > Vous pouvez trouver des informations sur la gestion des cookies dans votre navigateur aux adresses suivantes : <\/span> <\/p> <p> <u> <span style = \"color: # 000000;\"> Google Chrome <\/span> <\/ u> <span style = \"color: # 000000;\"> (<\/span> <span style = \"color: # 0000e9;\"> https:\/\/support.google.com\/chrome\/answer\/95647?co =GENIE .Platform% 3DDesktop &#038; amp; hl = it <\/span>) <a href=\"https:\/\/support.mozilla.org\/it\/kb\/Gestione%20dei%20cookie\"> <span style = \"color\u00a0: # 0000e9;\" > <br \/> Mozilla <\/span> <\/a> <a href=\"https:\/\/support.apple.com\/kb\/ph19214?locale=it_IT\"> <span style = \"couleur\u00a0: # 0000e9;\"> Firefox (https:\/\/support.mozilla.org\/it\/kb\/Gestione%20dei%20cookie) <br \/> Apple Safari (https:\/\/support.apple.com\/kb\/ph19214?locale=it_IT )<\/span > <\/a> <a href=\"https:\/\/support.apple.com\/en-us\/HT201265\"> <span style = \"color: # 0000e9;\"> <b r \/> Apple <\/span> <\/a> <a href=\"https:\/\/support.apple.com\/en-gb\/HT201265\"> <span style = \"color: # 0000e9;\"> Safari pour les appareils < \/ span> <\/a> <a href=\"https:\/\/privacy.microsoft.com\/it-IT\/windows-10-microsoft-edge-and-privacy\"> <span style = \"color: # 0000e9;\" > mobile (https:\/\/support.apple.com\/it-it\/HT201265) <br \/> Explorateur Microsoft Windows (https:\/\/support.microsoft.com\/it-it\/help\/17442\/windows-internet-explorer -supprimer-g\u00e9rer-les-cookies) <br \/> Microsoft Windows Edge (https:\/\/privacy.microsoft.com\/it-IT\/windows-10-microsoft-edge-and-privacy) <\/span> <\/a> < \/ p> <p> <span style = \"color: # 000000;\"> Aussi pour ne pas recevoir les cookies de Google Analytics, vous pouvez visiter la page\u00a0: <\/span> <br \/> <span style = \"color: # 0000e9; \" > https:\/\/tools.google.com\/dlpage\/gaoptout\/ <\/span> <br \/> <u> <span style =\" color: # 0000e9; text-decoration: none; \"> <\/span> <\/u> Alternativement, il est possible de d\u00e9sactiver uniquement les cookies de Google Analytics, en utilisant le module compl\u00e9mentaire de d\u00e9sactivation fourni par Google pour les principaux navigateurs. les cookies en g\u00e9n\u00e9ral visitent la page www.allaboutcookies.org ou <br \/> <a href=\"http:\/\/www.garanteprivacy\/cookie\"> <span style = \"color: # 0000e9;\"> www.garanteprivacy\/cookie <\/span> <\/a > <\/p> <p> <strong> <span style = \"color: # 000000;\"> Cookies techniques ne n\u00e9cessitant pas de consentement <\/span> <\/strong> <\/p> <p> <span style = \" color: # 000000;\"> Les cookies dits \u00ab\u00a0techniques\u00a0\u00bb, pour lesquels aucun consentement \u00e0 leur traitement n&rsquo;est requis, sont \u00e0 consid\u00e9rer comme suit\t\t\t\t\t\t\t\t<\/div>\n\t\t\t\t<\/div>\n\t\t\t\t\t<\/div>\n\t\t<\/div>\n\t\t\t\t\t<\/div>\n\t\t<\/section>\n\t\t\t\t<\/div>\n\t\t","protected":false},"excerpt":{"rendered":"<p>Cookies Antico Forno Pizzeria Informations sur les cookies Ces informations explique en d\u00e9tail comment ce site utilise les cookies ainsi que les fichiers et technologies de type cookie sur ses sites Web, par exemple les objets locaux partag\u00e9s, \u00e9galement appel\u00e9s \u00ab\u00a0cookies Flash\u00a0\u00bb, les balises Web, etc. Nous les appellerons g\u00e9n\u00e9ralement \u00ab\u00a0cookies\u00a0\u00bb. Si vous visitez notre [&hellip;]<\/p>\n","protected":false},"author":1,"featured_media":0,"parent":0,"menu_order":100,"comment_status":"closed","ping_status":"closed","template":"","meta":{"_acf_changed":false,"footnotes":""},"class_list":["post-1812","page","type-page","status-publish","hentry"],"acf":[],"_links":{"self":[{"href":"https:\/\/anticofornovenezia.it\/fr\/wp-json\/wp\/v2\/pages\/1812","targetHints":{"allow":["GET"]}}],"collection":[{"href":"https:\/\/anticofornovenezia.it\/fr\/wp-json\/wp\/v2\/pages"}],"about":[{"href":"https:\/\/anticofornovenezia.it\/fr\/wp-json\/wp\/v2\/types\/page"}],"author":[{"embeddable":true,"href":"https:\/\/anticofornovenezia.it\/fr\/wp-json\/wp\/v2\/users\/1"}],"replies":[{"embeddable":true,"href":"https:\/\/anticofornovenezia.it\/fr\/wp-json\/wp\/v2\/comments?post=1812"}],"version-history":[{"count":2,"href":"https:\/\/anticofornovenezia.it\/fr\/wp-json\/wp\/v2\/pages\/1812\/revisions"}],"predecessor-version":[{"id":1814,"href":"https:\/\/anticofornovenezia.it\/fr\/wp-json\/wp\/v2\/pages\/1812\/revisions\/1814"}],"wp:attachment":[{"href":"https:\/\/anticofornovenezia.it\/fr\/wp-json\/wp\/v2\/media?parent=1812"}],"curies":[{"name":"wp","href":"https:\/\/api.w.org\/{rel}","templated":true}]}}