{"id":1815,"date":"2020-09-12T18:55:29","date_gmt":"2020-09-12T16:55:29","guid":{"rendered":"https:\/\/anticofornovenezia.it\/info-legali\/"},"modified":"2022-07-25T13:21:40","modified_gmt":"2022-07-25T11:21:40","slug":"informations-legales","status":"publish","type":"page","link":"https:\/\/anticofornovenezia.it\/fr\/informations-legales\/","title":{"rendered":"Informations l\u00e9gales"},"content":{"rendered":"\t\t<div data-elementor-type=\"wp-page\" data-elementor-id=\"1815\" class=\"elementor elementor-1815 elementor-21\" data-elementor-post-type=\"page\">\n\t\t\t\t\t\t<section class=\"elementor-section elementor-top-section elementor-element elementor-element-ebcbaa3 elementor-section-full_width elementor-reverse-mobile elementor-section-height-default elementor-section-height-default\" data-id=\"ebcbaa3\" data-element_type=\"section\" data-e-type=\"section\" data-settings=\"{&quot;background_background&quot;:&quot;classic&quot;}\">\n\t\t\t\t\t\t<div class=\"elementor-container elementor-column-gap-default\">\n\t\t\t\t\t<div class=\"elementor-column elementor-col-100 elementor-top-column elementor-element elementor-element-7e2a0a2\" data-id=\"7e2a0a2\" data-element_type=\"column\" data-e-type=\"column\">\n\t\t\t<div class=\"elementor-widget-wrap elementor-element-populated\">\n\t\t\t\t\t\t<div class=\"elementor-element elementor-element-6c5c2d8 elementor-invisible elementor-widget elementor-widget-heading\" data-id=\"6c5c2d8\" data-element_type=\"widget\" data-e-type=\"widget\" data-settings=\"{&quot;_animation&quot;:&quot;fadeInUp&quot;}\" data-widget_type=\"heading.default\">\n\t\t\t\t<div class=\"elementor-widget-container\">\n\t\t\t\t\t<h1 class=\"elementor-heading-title elementor-size-default\">Informations l\u00e9gales<\/h1>\t\t\t\t<\/div>\n\t\t\t\t<\/div>\n\t\t\t\t<div class=\"elementor-element elementor-element-c848d81 elementor-invisible elementor-widget elementor-widget-text-editor\" data-id=\"c848d81\" data-element_type=\"widget\" data-e-type=\"widget\" data-settings=\"{&quot;_animation&quot;:&quot;fadeInUp&quot;}\" data-widget_type=\"text-editor.default\">\n\t\t\t\t<div class=\"elementor-widget-container\">\n\t\t\t\t\t\t\t\t\t<p>Antico Forno Pizzeria<\/p>\t\t\t\t\t\t\t\t<\/div>\n\t\t\t\t<\/div>\n\t\t\t\t\t<\/div>\n\t\t<\/div>\n\t\t\t\t\t<\/div>\n\t\t<\/section>\n\t\t\t\t<section class=\"elementor-section elementor-top-section elementor-element elementor-element-591016e elementor-section-boxed elementor-section-height-default elementor-section-height-default\" data-id=\"591016e\" data-element_type=\"section\" data-e-type=\"section\">\n\t\t\t\t\t\t<div class=\"elementor-container elementor-column-gap-default\">\n\t\t\t\t\t<div class=\"elementor-column elementor-col-100 elementor-top-column elementor-element elementor-element-abbc9c0\" data-id=\"abbc9c0\" data-element_type=\"column\" data-e-type=\"column\">\n\t\t\t<div class=\"elementor-widget-wrap elementor-element-populated\">\n\t\t\t\t\t\t<div class=\"elementor-element elementor-element-b98fe51 elementor-widget elementor-widget-text-editor\" data-id=\"b98fe51\" data-element_type=\"widget\" data-e-type=\"widget\" data-widget_type=\"text-editor.default\">\n\t\t\t\t<div class=\"elementor-widget-container\">\n\t\t\t\t\t\t\t\t\t<p> <strong> Donn\u00e9es de l&rsquo;entreprise <\/strong> <\/p> <p> <strong> <span style = \"color: # 000000;\"> Antico Forno Srl <\/span> <\/strong> <\/p> < div> San Polo 970\/973, 30125 Venise (VE), Italie &#8211; TVA\u00a0: 03386350270 <br \/> T\u00e9l\u00a0: <a href = \"https:\/\/web.archive.org\/web\/20210121151719\/tel:+39 0415204110\" > + 39 0415204110 <\/a> &#8211; E-mail : <a href=\"https:\/\/web.archive.org\/web\/20210121151719\/mailto:anticoforno.ve@icloud.com\"> anticoforno.ve@icloud .com <\/a> <\/div> <div> <\/div> <p> <strong> AVERTISSEMENTS CONCERNANT LE COPYRIGHT ET LES MARQUES D\u00c9POS\u00c9ES <\/strong> <\/p> <p> L&rsquo;int\u00e9gralit\u00e9 du contenu de ce site Web est prot\u00e9g\u00e9 par le droit d&rsquo;auteur ( copyright \u00a9) 2021 de <strong> <span style = \"color: # 000000;\"> Antico Forno Srl <\/span> <\/strong> ou ses fournisseurs. Tous les droits sont r\u00e9serv\u00e9s aux propri\u00e9taires conform\u00e9ment \u00e0 la loi. Conform\u00e9ment \u00e0 l&rsquo;art. 1, alin\u00e9a 1 du d\u00e9cret-loi du 22 mars 2004, n. 72, tel que modifi\u00e9 par la loi de conversion du 21 mai 2004 n. 128 les \u0153uvres de ce site ont rempli les obligations d\u00e9coulant de la l\u00e9gislation sur le droit d&rsquo;auteur et les droits voisins. La reproduction, la communication au public, la mise \u00e0 disposition du public, la location et le pr\u00eat, l&rsquo;ex\u00e9cution publique et la diffusion sans l&rsquo;autorisation du titulaire des droits sont interdites. Les infractions sont passibles des peines pr\u00e9vues par l&rsquo;art. 171, 171-bis, 171-ter, 174-bis et 174-ter de la loi 633\/1941. Conform\u00e9ment \u00e0 l&rsquo;art. 5 de la loi du 22 avril 1941 n. 633 sur la protection du droit d&rsquo;auteur, les textes des actes officiels de l&rsquo;\u00c9tat et des administrations publiques, tant italiens qu&rsquo;\u00e9trangers, ne sont pas couverts par le droit d&rsquo;auteur. Le droit d&rsquo;auteur indiqu\u00e9 se r\u00e9f\u00e8re \u00e0 l&rsquo;\u00e9laboration et \u00e0 la forme de pr\u00e9sentation des textes eux-m\u00eames. <\/p> <p> Violations all\u00e9gu\u00e9es du droit d&rsquo;auteur <\/p> <p> Ces communications doivent \u00eatre soumises par \u00e9crit et envoy\u00e9es au repr\u00e9sentant en charge de < strong> <span style = \"color: # 000000;\"> Antico Forno Srl <\/span> <\/strong> \u00e0 l&rsquo;adresse, num\u00e9ro de fax ou adresse e-mail suivante\u00a0: <\/p> <p> <strong > <span style = \"color: # 000000;\"> Antico Forno Srl <\/span> <\/strong> <\/p> <div> San Polo 970\/973, 30125 Venise (VE), Italie &#8211; Num\u00e9ro de TVA : 03386350270 <br \/> T\u00e9l : <a href=\"https:\/\/web.archive.org\/web\/20210121151719\/tel:+39 0415204110\"> +39 0415204110 <\/a> &#8211; E-mail : <a href = \"https : \/\/web .archive.org\/web\/20210121151719\/mailto\u00a0: anticoforno.ve@icloud.com \"> anticoforno.ve@icloud.com <\/a> <\/div>\t\t\t\t\t\t\t\t<\/div>\n\t\t\t\t<\/div>\n\t\t\t\t\t<\/div>\n\t\t<\/div>\n\t\t\t\t\t<\/div>\n\t\t<\/section>\n\t\t\t\t<\/div>\n\t\t","protected":false},"excerpt":{"rendered":"<p>Informations l\u00e9gales Antico Forno Pizzeria Donn\u00e9es de l&rsquo;entreprise Antico Forno Srl < div> San Polo 970\/973, 30125 Venise (VE), Italie &#8211; TVA\u00a0: 03386350270 T\u00e9l\u00a0: + 39 0415204110 &#8211; E-mail : anticoforno.ve@icloud .com AVERTISSEMENTS CONCERNANT LE COPYRIGHT ET LES MARQUES D\u00c9POS\u00c9ES L&rsquo;int\u00e9gralit\u00e9 du contenu de ce site Web est prot\u00e9g\u00e9 par le droit d&rsquo;auteur ( copyright [&hellip;]<\/p>\n","protected":false},"author":1,"featured_media":0,"parent":0,"menu_order":200,"comment_status":"closed","ping_status":"closed","template":"","meta":{"_acf_changed":false,"footnotes":""},"class_list":["post-1815","page","type-page","status-publish","hentry"],"acf":[],"_links":{"self":[{"href":"https:\/\/anticofornovenezia.it\/fr\/wp-json\/wp\/v2\/pages\/1815","targetHints":{"allow":["GET"]}}],"collection":[{"href":"https:\/\/anticofornovenezia.it\/fr\/wp-json\/wp\/v2\/pages"}],"about":[{"href":"https:\/\/anticofornovenezia.it\/fr\/wp-json\/wp\/v2\/types\/page"}],"author":[{"embeddable":true,"href":"https:\/\/anticofornovenezia.it\/fr\/wp-json\/wp\/v2\/users\/1"}],"replies":[{"embeddable":true,"href":"https:\/\/anticofornovenezia.it\/fr\/wp-json\/wp\/v2\/comments?post=1815"}],"version-history":[{"count":2,"href":"https:\/\/anticofornovenezia.it\/fr\/wp-json\/wp\/v2\/pages\/1815\/revisions"}],"predecessor-version":[{"id":1817,"href":"https:\/\/anticofornovenezia.it\/fr\/wp-json\/wp\/v2\/pages\/1815\/revisions\/1817"}],"wp:attachment":[{"href":"https:\/\/anticofornovenezia.it\/fr\/wp-json\/wp\/v2\/media?parent=1815"}],"curies":[{"name":"wp","href":"https:\/\/api.w.org\/{rel}","templated":true}]}}